{"id":107,"date":"2012-08-23T22:53:19","date_gmt":"2012-08-23T22:53:19","guid":{"rendered":"http:\/\/steyer-art.com\/?page_id=107"},"modified":"2019-01-17T14:06:37","modified_gmt":"2019-01-17T14:06:37","slug":"impresum","status":"publish","type":"page","link":"https:\/\/steyer-art.com\/?page_id=107","title":{"rendered":"Impressum and Copyrights"},"content":{"rendered":"<p style=\"text-align: center;\"><strong>Inhaber und Verantwortlicher f\u00fcr Steyer-Art (Dieter Senf Photography) :<\/strong><\/p>\n<p style=\"text-align: center;\">Dieter Senf<\/p>\n<p style=\"text-align: center;\"><strong>Anschrift:<\/strong><\/p>\n<p style=\"text-align: center;\">Teutoburgerstra\u00dfe<\/p>\n<p style=\"text-align: center;\">46146 Oberhausen<\/p>\n<p style=\"text-align: center;\">Deutschland<\/p>\n<p style=\"text-align: center;\"><strong>Email:<\/strong><\/p>\n<p style=\"text-align: center;\">Steyer-Art@gmx.net<\/p>\n<p style=\"text-align: center;\"><strong>Urheber- und Kennzeichenrecht:<\/strong><\/p>\n<p style=\"text-align: center;\">Das Copyright f\u00fcr ver\u00f6ffentlichte, von Steyer-Art selbst erstellte<br \/>\nObjekte bleibt allein bei Steyer-Art wenn nicht anders gekennzeichnet.<br \/>\nDas ver\u00e4ndern der Inhalte und kommerzieller gebrauch (Wallpaper, Galleriebilder, etc.)ist nur durch die Erlaubnis von Dieter Senf gestattet.<\/p>\n","protected":false},"excerpt":{"rendered":"<p>Inhaber und Verantwortlicher f\u00fcr Steyer-Art (Dieter Senf Photography) : Dieter Senf Anschrift: Teutoburgerstra\u00dfe 46146 Oberhausen Deutschland Email: Steyer-Art@gmx.net Urheber- und Kennzeichenrecht: Das Copyright f\u00fcr ver\u00f6ffentlichte, von Steyer-Art selbst erstellte Objekte bleibt allein bei Steyer-Art wenn nicht anders gekennzeichnet. Das ver\u00e4ndern der Inhalte und kommerzieller gebrauch (Wallpaper, Galleriebilder, etc.)ist nur durch die Erlaubnis von Dieter Senf&#8230;<\/p>\n","protected":false},"author":1,"featured_media":0,"parent":47,"menu_order":0,"comment_status":"closed","ping_status":"closed","template":"","meta":{"ngg_post_thumbnail":0,"footnotes":""},"class_list":["post-107","page","type-page","status-publish","hentry"],"_links":{"self":[{"href":"https:\/\/steyer-art.com\/index.php?rest_route=\/wp\/v2\/pages\/107","targetHints":{"allow":["GET"]}}],"collection":[{"href":"https:\/\/steyer-art.com\/index.php?rest_route=\/wp\/v2\/pages"}],"about":[{"href":"https:\/\/steyer-art.com\/index.php?rest_route=\/wp\/v2\/types\/page"}],"author":[{"embeddable":true,"href":"https:\/\/steyer-art.com\/index.php?rest_route=\/wp\/v2\/users\/1"}],"replies":[{"embeddable":true,"href":"https:\/\/steyer-art.com\/index.php?rest_route=%2Fwp%2Fv2%2Fcomments&post=107"}],"version-history":[{"count":10,"href":"https:\/\/steyer-art.com\/index.php?rest_route=\/wp\/v2\/pages\/107\/revisions"}],"predecessor-version":[{"id":568,"href":"https:\/\/steyer-art.com\/index.php?rest_route=\/wp\/v2\/pages\/107\/revisions\/568"}],"up":[{"embeddable":true,"href":"https:\/\/steyer-art.com\/index.php?rest_route=\/wp\/v2\/pages\/47"}],"wp:attachment":[{"href":"https:\/\/steyer-art.com\/index.php?rest_route=%2Fwp%2Fv2%2Fmedia&parent=107"}],"curies":[{"name":"wp","href":"https:\/\/api.w.org\/{rel}","templated":true}]}}